{"id":82,"date":"2026-03-30T15:51:43","date_gmt":"2026-03-30T14:51:43","guid":{"rendered":"https:\/\/youmeg.de\/wordpress\/?page_id=82"},"modified":"2026-03-30T17:10:52","modified_gmt":"2026-03-30T16:10:52","slug":"news","status":"publish","type":"page","link":"https:\/\/youmeg.de\/wordpress\/?page_id=82","title":{"rendered":"News"},"content":{"rendered":"\n<p id=\"block-fbb47756-b6cb-4019-82e0-56db1b500d4f\">Die Sitzung vom <strong>Dezember 2025 <\/strong>war etwas ausf\u00fchrlicher. Wir werden die alte Satzung modernisieren. Der neue Vereinssitz ist nun praktischerweise Ingolstadt. Der Grund ist da Francesca und viele andere in Ingolstadt wohnen und wir uns ja auch meistens in Ingolstaft treffen. Dominik ist nun Kassenwart und will ein eigenes Konto f\u00fcr den Verein beantragen. Schriftf\u00fchrerin ist derzeit noch Annette, aber das ist (leider) nur \u00fcbergangweise. <strong>Mitgliegsbeitrag<\/strong> f\u00fcr ordentliche Mitglieder ist nun etwas h\u00f6her geworden mit 50 Euro statt der 40. Bei Firmen bleiben die 100 Euro.<\/p>\n\n\n\n<p id=\"block-c41fa0f7-9533-47f7-a8da-477c633c7a4b\">In der letzten Sitzung vom <strong>Dezember 2024<\/strong> wurde beschlossen, dass unsere Seite nun unter WordPress neu gestaltet werden soll. Es ist leider noch nicht klar, welches Design wir verfolgen wollen. Ein Webmaster konnte noch nicht besetzt werden, eventuell Raphael?<\/p>\n\n\n\n<p><\/p>\n","protected":false},"excerpt":{"rendered":"<p>Die Sitzung vom Dezember 2025 war etwas ausf\u00fchrlicher. Wir werden die alte Satzung modernisieren. Der neue Vereinssitz ist nun praktischerweise Ingolstadt. Der Grund ist da Francesca und viele andere in Ingolstadt wohnen und wir uns ja auch meistens in Ingolstaft treffen. Dominik ist nun Kassenwart und will ein eigenes Konto f\u00fcr den Verein beantragen. Schriftf\u00fchrerin &hellip; <\/p>\n<p class=\"link-more\"><a href=\"https:\/\/youmeg.de\/wordpress\/?page_id=82\" class=\"more-link\"><span class=\"screen-reader-text\">\u201eNews\u201c <\/span>weiterlesen<\/a><\/p>\n","protected":false},"author":1,"featured_media":0,"parent":0,"menu_order":0,"comment_status":"closed","ping_status":"closed","template":"","meta":{"footnotes":""},"class_list":["post-82","page","type-page","status-publish","hentry"],"_links":{"self":[{"href":"https:\/\/youmeg.de\/wordpress\/index.php?rest_route=\/wp\/v2\/pages\/82","targetHints":{"allow":["GET"]}}],"collection":[{"href":"https:\/\/youmeg.de\/wordpress\/index.php?rest_route=\/wp\/v2\/pages"}],"about":[{"href":"https:\/\/youmeg.de\/wordpress\/index.php?rest_route=\/wp\/v2\/types\/page"}],"author":[{"embeddable":true,"href":"https:\/\/youmeg.de\/wordpress\/index.php?rest_route=\/wp\/v2\/users\/1"}],"replies":[{"embeddable":true,"href":"https:\/\/youmeg.de\/wordpress\/index.php?rest_route=%2Fwp%2Fv2%2Fcomments&post=82"}],"version-history":[{"count":3,"href":"https:\/\/youmeg.de\/wordpress\/index.php?rest_route=\/wp\/v2\/pages\/82\/revisions"}],"predecessor-version":[{"id":102,"href":"https:\/\/youmeg.de\/wordpress\/index.php?rest_route=\/wp\/v2\/pages\/82\/revisions\/102"}],"wp:attachment":[{"href":"https:\/\/youmeg.de\/wordpress\/index.php?rest_route=%2Fwp%2Fv2%2Fmedia&parent=82"}],"curies":[{"name":"wp","href":"https:\/\/api.w.org\/{rel}","templated":true}]}}